{"id":9334,"date":"2019-01-16T11:09:44","date_gmt":"2019-01-16T10:09:44","guid":{"rendered":"https:\/\/rodanoble.com\/unkategorisiert\/zarter-schafskase-rodanoble\/"},"modified":"2019-01-16T11:09:44","modified_gmt":"2019-01-16T10:09:44","slug":"zarter-schafskase-rodanoble","status":"publish","type":"product","link":"https:\/\/rodanoble.com\/de\/shop\/kasesorten\/kase-aromen-aus-spanien\/zarter-schafskase-rodanoble\/","title":{"rendered":"Zarter Schafsk\u00e4se &#8211; Rodanoble"},"content":{"rendered":"<p>Entdecken Sie die Weichheit und cremige Textur unseres fabelhaften Rodanoble Tender Schafsk\u00e4ses. Mit dem idealen Reifungsprozess ist es uns gelungen, den ganzen Geschmack der Schafsmilch in einem zarten und jungen K\u00e4se hervorzubringen.<\/p>\n<p>Er hat einen zarten Milchgeschmack mit sehr mildem Aroma und Konsistenz. Nat\u00fcrlich ohne das butterige Gef\u00fchl zu vermissen, das ein Markenzeichen aller K\u00e4sesorten ist, die mit 100% Schafsmilch hergestellt werden. Sein Geruch ist weich mit Kr\u00e4uternoten und seine Oberfl\u00e4che ist gl\u00e4nzend wei\u00df.<\/p>\n<p>Hergestellt aus 100% pasteurisierter Schafsmilch. Gereift f\u00fcr 10 Tage.<\/p>\n<p>K\u00fchl aufbewahren zwischen 5 und 10 \u00baC. Sch\u00fctzen Sie die Schnittfl\u00e4che zur besseren Konservierung.<\/p>\n<p>Das Kilo kostet 10,90\u20ac.<\/p>\n","protected":false},"excerpt":{"rendered":"<p>Gerade lange genug gereift, um einen hochwertigen Weichk\u00e4se zu erhalten, bei dem man die Essenz der Schafsmilch schmecken kann. Geschmeidig schmilzt er, ohne dass ihm etwas von der Essenz fehlt, die Schafsk\u00e4se bietet.<\/p>\n","protected":false},"featured_media":9335,"comment_status":"closed","ping_status":"closed","template":"","meta":{"ocean_post_layout":"","ocean_both_sidebars_style":"","ocean_both_sidebars_content_width":0,"ocean_both_sidebars_sidebars_width":0,"ocean_sidebar":"0","ocean_second_sidebar":"0","ocean_disable_margins":"enable","ocean_add_body_class":"","ocean_shortcode_before_top_bar":"","ocean_shortcode_after_top_bar":"","ocean_shortcode_before_header":"","ocean_shortcode_after_header":"","ocean_has_shortcode":"","ocean_shortcode_after_title":"","ocean_shortcode_before_footer_widgets":"","ocean_shortcode_after_footer_widgets":"","ocean_shortcode_before_footer_bottom":"","ocean_shortcode_after_footer_bottom":"","ocean_display_top_bar":"default","ocean_display_header":"default","ocean_header_style":"","ocean_center_header_left_menu":"0","ocean_custom_header_template":"0","ocean_custom_logo":0,"ocean_custom_retina_logo":0,"ocean_custom_logo_max_width":0,"ocean_custom_logo_tablet_max_width":0,"ocean_custom_logo_mobile_max_width":0,"ocean_custom_logo_max_height":0,"ocean_custom_logo_tablet_max_height":0,"ocean_custom_logo_mobile_max_height":0,"ocean_header_custom_menu":"0","ocean_menu_typo_font_family":"0","ocean_menu_typo_font_subset":"","ocean_menu_typo_font_size":0,"ocean_menu_typo_font_size_tablet":0,"ocean_menu_typo_font_size_mobile":0,"ocean_menu_typo_font_size_unit":"px","ocean_menu_typo_font_weight":"","ocean_menu_typo_font_weight_tablet":"","ocean_menu_typo_font_weight_mobile":"","ocean_menu_typo_transform":"","ocean_menu_typo_transform_tablet":"","ocean_menu_typo_transform_mobile":"","ocean_menu_typo_line_height":0,"ocean_menu_typo_line_height_tablet":0,"ocean_menu_typo_line_height_mobile":0,"ocean_menu_typo_line_height_unit":"","ocean_menu_typo_spacing":0,"ocean_menu_typo_spacing_tablet":0,"ocean_menu_typo_spacing_mobile":0,"ocean_menu_typo_spacing_unit":"","ocean_menu_link_color":"","ocean_menu_link_color_hover":"","ocean_menu_link_color_active":"","ocean_menu_link_background":"","ocean_menu_link_hover_background":"","ocean_menu_link_active_background":"","ocean_menu_social_links_bg":"","ocean_menu_social_hover_links_bg":"","ocean_menu_social_links_color":"","ocean_menu_social_hover_links_color":"","ocean_disable_title":"default","ocean_disable_heading":"default","ocean_post_title":"","ocean_post_subheading":"","ocean_post_title_style":"","ocean_post_title_background_color":"","ocean_post_title_background":0,"ocean_post_title_bg_image_position":"","ocean_post_title_bg_image_attachment":"","ocean_post_title_bg_image_repeat":"","ocean_post_title_bg_image_size":"","ocean_post_title_height":0,"ocean_post_title_bg_overlay":0.5,"ocean_post_title_bg_overlay_color":"","ocean_disable_breadcrumbs":"default","ocean_breadcrumbs_color":"","ocean_breadcrumbs_separator_color":"","ocean_breadcrumbs_links_color":"","ocean_breadcrumbs_links_hover_color":"","ocean_display_footer_widgets":"default","ocean_display_footer_bottom":"default","ocean_custom_footer_template":"0"},"product_brand":[],"product_cat":[107,94],"product_tag":[],"class_list":{"0":"post-9334","1":"product","2":"type-product","3":"status-publish","4":"has-post-thumbnail","6":"product_cat-kase-aromen-aus-spanien","7":"product_cat-kasesorten","9":"entry","10":"has-media","12":"first","13":"instock","14":"taxable","15":"shipping-taxable","16":"purchasable","17":"product-type-variable","18":"col","19":"span_1_of_3","20":"owp-content-center","21":"owp-thumbs-layout-horizontal","22":"owp-btn-very-big","23":"owp-tabs-layout-vertical","24":"has-no-thumbnails","25":"circle-sale"},"_links":{"self":[{"href":"https:\/\/rodanoble.com\/de\/wp-json\/wp\/v2\/product\/9334","targetHints":{"allow":["GET"]}}],"collection":[{"href":"https:\/\/rodanoble.com\/de\/wp-json\/wp\/v2\/product"}],"about":[{"href":"https:\/\/rodanoble.com\/de\/wp-json\/wp\/v2\/types\/product"}],"replies":[{"embeddable":true,"href":"https:\/\/rodanoble.com\/de\/wp-json\/wp\/v2\/comments?post=9334"}],"wp:featuredmedia":[{"embeddable":true,"href":"https:\/\/rodanoble.com\/de\/wp-json\/wp\/v2\/media\/9335"}],"wp:attachment":[{"href":"https:\/\/rodanoble.com\/de\/wp-json\/wp\/v2\/media?parent=9334"}],"wp:term":[{"taxonomy":"product_brand","embeddable":true,"href":"https:\/\/rodanoble.com\/de\/wp-json\/wp\/v2\/product_brand?post=9334"},{"taxonomy":"product_cat","embeddable":true,"href":"https:\/\/rodanoble.com\/de\/wp-json\/wp\/v2\/product_cat?post=9334"},{"taxonomy":"product_tag","embeddable":true,"href":"https:\/\/rodanoble.com\/de\/wp-json\/wp\/v2\/product_tag?post=9334"}],"curies":[{"name":"wp","href":"https:\/\/api.w.org\/{rel}","templated":true}]}}