{"id":9391,"date":"2019-01-16T11:09:45","date_gmt":"2019-01-16T10:09:45","guid":{"rendered":"https:\/\/rodanoble.com\/unkategorisiert\/anejo-gran-reserva-1-jahr-kase-rodanoble\/"},"modified":"2026-04-29T20:48:19","modified_gmt":"2026-04-29T18:48:19","slug":"anejo-gran-reserva-1-jahr-kase-rodanoble","status":"publish","type":"product","link":"https:\/\/rodanoble.com\/de\/shop\/kasesorten\/anejo-gran-reserva-1-jahr-kase-rodanoble\/","title":{"rendered":"A\u00f1ejo Gran Reserva 1 Jahr K\u00e4se &#8211; Rodanoble"},"content":{"rendered":"<p>Gereifter K\u00e4se mit einem Jahr Reifung in Schmalz, ein alter K\u00e4se mit gro\u00dfartiger Textur und Geschmack, dank der Tatsache, dass er aus 100% Schafsmilch hergestellt wird.<\/p>\n<p>Er hat eine elfenbeinfarbene Farbe, einen milden Geschmack, eine angenehme Konsistenz und einen charakteristischen Geruch. Wenn Sie ihn probieren, werden Sie dieses butterartige und sogar k\u00f6rnige Gef\u00fchl genie\u00dfen, das f\u00fcr diese Art von K\u00e4se charakteristisch ist.<\/p>\n<p>Hergestellt aus 100% pasteurisierter Schafsmilch. Gereift f\u00fcr 12 Monate.<\/p>\n<p>K\u00fchl aufbewahren zwischen 8 und 10 \u00baC. Sch\u00fctzen Sie die Schnittfl\u00e4che zur besseren Konservierung.<\/p>\n<p>Optimale Temperatur f\u00fcr Schneiden und Verbrauch: 20-22 Grad C\u00ba.<\/p>\n<p>Das Kilo kostet 15,90 Euro.<\/p>\n","protected":false},"excerpt":{"rendered":"<p>Mindestens 12 Monate lang in Schmalz gereift, bietet dieser Gran Reserva gereifte K\u00e4se einen spektakul\u00e4ren und charakteristischen Geschmack von gereiften Schafsk\u00e4sen.<\/p>\n<p>Die Explosion der Aromen wird Ihren Gaumen \u00fcberfluten.<\/p>\n","protected":false},"featured_media":11270,"comment_status":"closed","ping_status":"closed","template":"","meta":{"ocean_post_layout":"","ocean_both_sidebars_style":"","ocean_both_sidebars_content_width":0,"ocean_both_sidebars_sidebars_width":0,"ocean_sidebar":"0","ocean_second_sidebar":"0","ocean_disable_margins":"enable","ocean_add_body_class":"","ocean_shortcode_before_top_bar":"","ocean_shortcode_after_top_bar":"","ocean_shortcode_before_header":"","ocean_shortcode_after_header":"","ocean_has_shortcode":"","ocean_shortcode_after_title":"","ocean_shortcode_before_footer_widgets":"","ocean_shortcode_after_footer_widgets":"","ocean_shortcode_before_footer_bottom":"","ocean_shortcode_after_footer_bottom":"","ocean_display_top_bar":"default","ocean_display_header":"default","ocean_header_style":"","ocean_center_header_left_menu":"0","ocean_custom_header_template":"0","ocean_custom_logo":0,"ocean_custom_retina_logo":0,"ocean_custom_logo_max_width":0,"ocean_custom_logo_tablet_max_width":0,"ocean_custom_logo_mobile_max_width":0,"ocean_custom_logo_max_height":0,"ocean_custom_logo_tablet_max_height":0,"ocean_custom_logo_mobile_max_height":0,"ocean_header_custom_menu":"0","ocean_menu_typo_font_family":"0","ocean_menu_typo_font_subset":"","ocean_menu_typo_font_size":0,"ocean_menu_typo_font_size_tablet":0,"ocean_menu_typo_font_size_mobile":0,"ocean_menu_typo_font_size_unit":"px","ocean_menu_typo_font_weight":"","ocean_menu_typo_font_weight_tablet":"","ocean_menu_typo_font_weight_mobile":"","ocean_menu_typo_transform":"","ocean_menu_typo_transform_tablet":"","ocean_menu_typo_transform_mobile":"","ocean_menu_typo_line_height":0,"ocean_menu_typo_line_height_tablet":0,"ocean_menu_typo_line_height_mobile":0,"ocean_menu_typo_line_height_unit":"","ocean_menu_typo_spacing":0,"ocean_menu_typo_spacing_tablet":0,"ocean_menu_typo_spacing_mobile":0,"ocean_menu_typo_spacing_unit":"","ocean_menu_link_color":"","ocean_menu_link_color_hover":"","ocean_menu_link_color_active":"","ocean_menu_link_background":"","ocean_menu_link_hover_background":"","ocean_menu_link_active_background":"","ocean_menu_social_links_bg":"","ocean_menu_social_hover_links_bg":"","ocean_menu_social_links_color":"","ocean_menu_social_hover_links_color":"","ocean_disable_title":"default","ocean_disable_heading":"default","ocean_post_title":"","ocean_post_subheading":"","ocean_post_title_style":"","ocean_post_title_background_color":"","ocean_post_title_background":0,"ocean_post_title_bg_image_position":"","ocean_post_title_bg_image_attachment":"","ocean_post_title_bg_image_repeat":"","ocean_post_title_bg_image_size":"","ocean_post_title_height":0,"ocean_post_title_bg_overlay":0.5,"ocean_post_title_bg_overlay_color":"","ocean_disable_breadcrumbs":"default","ocean_breadcrumbs_color":"","ocean_breadcrumbs_separator_color":"","ocean_breadcrumbs_links_color":"","ocean_breadcrumbs_links_hover_color":"","ocean_display_footer_widgets":"default","ocean_display_footer_bottom":"default","ocean_custom_footer_template":"0"},"product_brand":[],"product_cat":[94,107],"product_tag":[],"class_list":{"0":"post-9391","1":"product","2":"type-product","3":"status-publish","4":"has-post-thumbnail","6":"product_cat-kasesorten","7":"product_cat-kase-aromen-aus-spanien","9":"entry","10":"has-media","12":"first","13":"instock","14":"taxable","15":"shipping-taxable","16":"purchasable","17":"product-type-variable","18":"col","19":"span_1_of_3","20":"owp-content-center","21":"owp-thumbs-layout-horizontal","22":"owp-btn-very-big","23":"owp-tabs-layout-vertical","24":"circle-sale"},"_links":{"self":[{"href":"https:\/\/rodanoble.com\/de\/wp-json\/wp\/v2\/product\/9391","targetHints":{"allow":["GET"]}}],"collection":[{"href":"https:\/\/rodanoble.com\/de\/wp-json\/wp\/v2\/product"}],"about":[{"href":"https:\/\/rodanoble.com\/de\/wp-json\/wp\/v2\/types\/product"}],"replies":[{"embeddable":true,"href":"https:\/\/rodanoble.com\/de\/wp-json\/wp\/v2\/comments?post=9391"}],"wp:featuredmedia":[{"embeddable":true,"href":"https:\/\/rodanoble.com\/de\/wp-json\/wp\/v2\/media\/11270"}],"wp:attachment":[{"href":"https:\/\/rodanoble.com\/de\/wp-json\/wp\/v2\/media?parent=9391"}],"wp:term":[{"taxonomy":"product_brand","embeddable":true,"href":"https:\/\/rodanoble.com\/de\/wp-json\/wp\/v2\/product_brand?post=9391"},{"taxonomy":"product_cat","embeddable":true,"href":"https:\/\/rodanoble.com\/de\/wp-json\/wp\/v2\/product_cat?post=9391"},{"taxonomy":"product_tag","embeddable":true,"href":"https:\/\/rodanoble.com\/de\/wp-json\/wp\/v2\/product_tag?post=9391"}],"curies":[{"name":"wp","href":"https:\/\/api.w.org\/{rel}","templated":true}]}}