{"id":9418,"date":"2019-01-16T11:09:45","date_gmt":"2019-01-16T10:09:45","guid":{"rendered":"https:\/\/rodanoble.com\/unkategorisiert\/rosmarin-kase-gerauchert-rodanoble\/"},"modified":"2019-01-16T11:09:45","modified_gmt":"2019-01-16T10:09:45","slug":"rosmarin-kase-gerauchert-rodanoble","status":"publish","type":"product","link":"https:\/\/rodanoble.com\/de\/shop\/kasesorten\/kase-aromen-aus-spanien\/rosmarin-kase-gerauchert-rodanoble\/","title":{"rendered":"Rosmarin-K\u00e4se, ger\u00e4uchert &#8211; Rodanoble"},"content":{"rendered":"<p>Bei einem Rosmarink\u00e4se wird die Textur und der gro\u00dfe charakteristische Geschmack durch die Mischung der Butter, die f\u00fcr den Reifungsprozess verwendet wird, mit den aromatischen Kr\u00e4utern, die dem K\u00e4se diesen charakteristischen Geschmack verleihen, hervorgehoben.<\/p>\n<p>Sehr feiner Milchgeschmack mit Noten von aromatischen Kr\u00e4utern, weiche Konsistenz und ein spektakul\u00e4rer Geruch.<\/p>\n<p>Hergestellt aus 100% pasteurisierter Schafsmilch. Reifung zwischen 4 und 5 Monaten.<\/p>\n<p>K\u00fchl aufbewahren zwischen 5 und 10 \u00baC. Sch\u00fctzen Sie die Schnittfl\u00e4che zur besseren Konservierung.<\/p>\n<p>Das Kilo kostet 13,90 Euro.<\/p>\n","protected":false},"excerpt":{"rendered":"<p>F\u00fcr die optimale Zeit in Schmalz mit Rosmarin gereift, zeichnet er sich durch die Kombination der Aromen der Schafsmilch eines gereiften K\u00e4ses mit denen der aromatischen Kr\u00e4uter aus. Tolle Textur und noch besserer Geschmack, mit allem, was man von einem Schafsk\u00e4se erwarten w\u00fcrde.<\/p>\n","protected":false},"featured_media":9419,"comment_status":"closed","ping_status":"closed","template":"","meta":{"ocean_post_layout":"","ocean_both_sidebars_style":"","ocean_both_sidebars_content_width":0,"ocean_both_sidebars_sidebars_width":0,"ocean_sidebar":"0","ocean_second_sidebar":"0","ocean_disable_margins":"enable","ocean_add_body_class":"","ocean_shortcode_before_top_bar":"","ocean_shortcode_after_top_bar":"","ocean_shortcode_before_header":"","ocean_shortcode_after_header":"","ocean_has_shortcode":"","ocean_shortcode_after_title":"","ocean_shortcode_before_footer_widgets":"","ocean_shortcode_after_footer_widgets":"","ocean_shortcode_before_footer_bottom":"","ocean_shortcode_after_footer_bottom":"","ocean_display_top_bar":"default","ocean_display_header":"default","ocean_header_style":"","ocean_center_header_left_menu":"0","ocean_custom_header_template":"0","ocean_custom_logo":0,"ocean_custom_retina_logo":0,"ocean_custom_logo_max_width":0,"ocean_custom_logo_tablet_max_width":0,"ocean_custom_logo_mobile_max_width":0,"ocean_custom_logo_max_height":0,"ocean_custom_logo_tablet_max_height":0,"ocean_custom_logo_mobile_max_height":0,"ocean_header_custom_menu":"0","ocean_menu_typo_font_family":"0","ocean_menu_typo_font_subset":"","ocean_menu_typo_font_size":0,"ocean_menu_typo_font_size_tablet":0,"ocean_menu_typo_font_size_mobile":0,"ocean_menu_typo_font_size_unit":"px","ocean_menu_typo_font_weight":"","ocean_menu_typo_font_weight_tablet":"","ocean_menu_typo_font_weight_mobile":"","ocean_menu_typo_transform":"","ocean_menu_typo_transform_tablet":"","ocean_menu_typo_transform_mobile":"","ocean_menu_typo_line_height":0,"ocean_menu_typo_line_height_tablet":0,"ocean_menu_typo_line_height_mobile":0,"ocean_menu_typo_line_height_unit":"","ocean_menu_typo_spacing":0,"ocean_menu_typo_spacing_tablet":0,"ocean_menu_typo_spacing_mobile":0,"ocean_menu_typo_spacing_unit":"","ocean_menu_link_color":"","ocean_menu_link_color_hover":"","ocean_menu_link_color_active":"","ocean_menu_link_background":"","ocean_menu_link_hover_background":"","ocean_menu_link_active_background":"","ocean_menu_social_links_bg":"","ocean_menu_social_hover_links_bg":"","ocean_menu_social_links_color":"","ocean_menu_social_hover_links_color":"","ocean_disable_title":"default","ocean_disable_heading":"default","ocean_post_title":"","ocean_post_subheading":"","ocean_post_title_style":"","ocean_post_title_background_color":"","ocean_post_title_background":0,"ocean_post_title_bg_image_position":"","ocean_post_title_bg_image_attachment":"","ocean_post_title_bg_image_repeat":"","ocean_post_title_bg_image_size":"","ocean_post_title_height":0,"ocean_post_title_bg_overlay":0.5,"ocean_post_title_bg_overlay_color":"","ocean_disable_breadcrumbs":"default","ocean_breadcrumbs_color":"","ocean_breadcrumbs_separator_color":"","ocean_breadcrumbs_links_color":"","ocean_breadcrumbs_links_hover_color":"","ocean_display_footer_widgets":"default","ocean_display_footer_bottom":"default","ocean_custom_footer_template":"0"},"product_brand":[],"product_cat":[107,94],"product_tag":[],"class_list":{"0":"post-9418","1":"product","2":"type-product","3":"status-publish","4":"has-post-thumbnail","6":"product_cat-kase-aromen-aus-spanien","7":"product_cat-kasesorten","9":"entry","10":"has-media","12":"first","13":"instock","14":"taxable","15":"shipping-taxable","16":"purchasable","17":"product-type-variable","18":"col","19":"span_1_of_3","20":"owp-content-center","21":"owp-thumbs-layout-horizontal","22":"owp-btn-very-big","23":"owp-tabs-layout-vertical","24":"circle-sale"},"_links":{"self":[{"href":"https:\/\/rodanoble.com\/de\/wp-json\/wp\/v2\/product\/9418","targetHints":{"allow":["GET"]}}],"collection":[{"href":"https:\/\/rodanoble.com\/de\/wp-json\/wp\/v2\/product"}],"about":[{"href":"https:\/\/rodanoble.com\/de\/wp-json\/wp\/v2\/types\/product"}],"replies":[{"embeddable":true,"href":"https:\/\/rodanoble.com\/de\/wp-json\/wp\/v2\/comments?post=9418"}],"wp:featuredmedia":[{"embeddable":true,"href":"https:\/\/rodanoble.com\/de\/wp-json\/wp\/v2\/media\/9419"}],"wp:attachment":[{"href":"https:\/\/rodanoble.com\/de\/wp-json\/wp\/v2\/media?parent=9418"}],"wp:term":[{"taxonomy":"product_brand","embeddable":true,"href":"https:\/\/rodanoble.com\/de\/wp-json\/wp\/v2\/product_brand?post=9418"},{"taxonomy":"product_cat","embeddable":true,"href":"https:\/\/rodanoble.com\/de\/wp-json\/wp\/v2\/product_cat?post=9418"},{"taxonomy":"product_tag","embeddable":true,"href":"https:\/\/rodanoble.com\/de\/wp-json\/wp\/v2\/product_tag?post=9418"}],"curies":[{"name":"wp","href":"https:\/\/api.w.org\/{rel}","templated":true}]}}