{"id":9467,"date":"2019-02-25T12:17:10","date_gmt":"2019-02-25T11:17:10","guid":{"rendered":"https:\/\/rodanoble.com\/unkategorisiert\/burg-robda\/"},"modified":"2019-02-25T12:17:10","modified_gmt":"2019-02-25T11:17:10","slug":"burg-robda","status":"publish","type":"product","link":"https:\/\/rodanoble.com\/de\/shop\/kasesorten\/manchego-kase\/burg-robda\/","title":{"rendered":"Ger\u00e4ucherter Handwerksk\u00e4se mit D.O. &#8211; Castillo de Robda"},"content":{"rendered":"<p>Die Kirche El Salvador in La Roda befindet sich auf dem so genannten &#8222;loma del castillejo&#8220; (Burgh\u00fcgel), wo sich die alte Burg von Robda befand, die auf Befehl von Isabel der Katholischen zerst\u00f6rt wurde.<\/p>\n<p>Castillo de Robda ist ein handwerklich hergestellter K\u00e4se, der eine Hommage an die ersten Siedler unserer Stadt darstellt. Ein Geschmack mit Charakter, der unseren Gaumen nicht gleichg\u00fcltig l\u00e4sst und uns an den K\u00e4se erinnert, den unsere Vorfahren hergestellt haben. Es ist eine Zeitmaschine, die uns zu den Aromen zur\u00fcckf\u00fchrt, die unsere Vorfahren in der Vergangenheit genossen haben und deren Erbe den Manchego-K\u00e4se zu einem universellen Produkt gemacht hat.<\/p>\n<p>Nehmen Sie ein St\u00fcck K\u00e4se, stecken Sie es in den Mund und Sie werden die Freude an der Tradition entdecken.<\/p>\n","protected":false},"excerpt":{"rendered":"<p>K\u00e4se mit Herkunftsbezeichnung, Mindestreifezeit von 6 Monaten, hergestellt aus 100% Schafsrohmilch der Rasse Manchego.<\/p>\n","protected":false},"featured_media":9469,"comment_status":"open","ping_status":"closed","template":"","meta":{"ocean_post_layout":"","ocean_both_sidebars_style":"","ocean_both_sidebars_content_width":0,"ocean_both_sidebars_sidebars_width":0,"ocean_sidebar":"0","ocean_second_sidebar":"0","ocean_disable_margins":"enable","ocean_add_body_class":"","ocean_shortcode_before_top_bar":"","ocean_shortcode_after_top_bar":"","ocean_shortcode_before_header":"","ocean_shortcode_after_header":"","ocean_has_shortcode":"","ocean_shortcode_after_title":"","ocean_shortcode_before_footer_widgets":"","ocean_shortcode_after_footer_widgets":"","ocean_shortcode_before_footer_bottom":"","ocean_shortcode_after_footer_bottom":"","ocean_display_top_bar":"default","ocean_display_header":"default","ocean_header_style":"","ocean_center_header_left_menu":"0","ocean_custom_header_template":"0","ocean_custom_logo":0,"ocean_custom_retina_logo":0,"ocean_custom_logo_max_width":0,"ocean_custom_logo_tablet_max_width":0,"ocean_custom_logo_mobile_max_width":0,"ocean_custom_logo_max_height":0,"ocean_custom_logo_tablet_max_height":0,"ocean_custom_logo_mobile_max_height":0,"ocean_header_custom_menu":"0","ocean_menu_typo_font_family":"0","ocean_menu_typo_font_subset":"","ocean_menu_typo_font_size":0,"ocean_menu_typo_font_size_tablet":0,"ocean_menu_typo_font_size_mobile":0,"ocean_menu_typo_font_size_unit":"px","ocean_menu_typo_font_weight":"","ocean_menu_typo_font_weight_tablet":"","ocean_menu_typo_font_weight_mobile":"","ocean_menu_typo_transform":"","ocean_menu_typo_transform_tablet":"","ocean_menu_typo_transform_mobile":"","ocean_menu_typo_line_height":0,"ocean_menu_typo_line_height_tablet":0,"ocean_menu_typo_line_height_mobile":0,"ocean_menu_typo_line_height_unit":"","ocean_menu_typo_spacing":0,"ocean_menu_typo_spacing_tablet":0,"ocean_menu_typo_spacing_mobile":0,"ocean_menu_typo_spacing_unit":"","ocean_menu_link_color":"","ocean_menu_link_color_hover":"","ocean_menu_link_color_active":"","ocean_menu_link_background":"","ocean_menu_link_hover_background":"","ocean_menu_link_active_background":"","ocean_menu_social_links_bg":"","ocean_menu_social_hover_links_bg":"","ocean_menu_social_links_color":"","ocean_menu_social_hover_links_color":"","ocean_disable_title":"default","ocean_disable_heading":"default","ocean_post_title":"","ocean_post_subheading":"","ocean_post_title_style":"","ocean_post_title_background_color":"","ocean_post_title_background":0,"ocean_post_title_bg_image_position":"","ocean_post_title_bg_image_attachment":"","ocean_post_title_bg_image_repeat":"","ocean_post_title_bg_image_size":"","ocean_post_title_height":0,"ocean_post_title_bg_overlay":0.5,"ocean_post_title_bg_overlay_color":"","ocean_disable_breadcrumbs":"default","ocean_breadcrumbs_color":"","ocean_breadcrumbs_separator_color":"","ocean_breadcrumbs_links_color":"","ocean_breadcrumbs_links_hover_color":"","ocean_display_footer_widgets":"default","ocean_display_footer_bottom":"default","ocean_custom_footer_template":"0"},"product_brand":[],"product_cat":[94,104],"product_tag":[],"class_list":{"0":"post-9467","1":"product","2":"type-product","3":"status-publish","4":"has-post-thumbnail","6":"product_cat-kasesorten","7":"product_cat-manchego-kase","9":"entry","10":"has-media","12":"first","13":"instock","14":"taxable","15":"shipping-taxable","16":"purchasable","17":"product-type-variable","18":"col","19":"span_1_of_3","20":"owp-content-center","21":"owp-thumbs-layout-horizontal","22":"owp-btn-very-big","23":"owp-tabs-layout-vertical","24":"circle-sale"},"_links":{"self":[{"href":"https:\/\/rodanoble.com\/de\/wp-json\/wp\/v2\/product\/9467","targetHints":{"allow":["GET"]}}],"collection":[{"href":"https:\/\/rodanoble.com\/de\/wp-json\/wp\/v2\/product"}],"about":[{"href":"https:\/\/rodanoble.com\/de\/wp-json\/wp\/v2\/types\/product"}],"replies":[{"embeddable":true,"href":"https:\/\/rodanoble.com\/de\/wp-json\/wp\/v2\/comments?post=9467"}],"wp:featuredmedia":[{"embeddable":true,"href":"https:\/\/rodanoble.com\/de\/wp-json\/wp\/v2\/media\/9469"}],"wp:attachment":[{"href":"https:\/\/rodanoble.com\/de\/wp-json\/wp\/v2\/media?parent=9467"}],"wp:term":[{"taxonomy":"product_brand","embeddable":true,"href":"https:\/\/rodanoble.com\/de\/wp-json\/wp\/v2\/product_brand?post=9467"},{"taxonomy":"product_cat","embeddable":true,"href":"https:\/\/rodanoble.com\/de\/wp-json\/wp\/v2\/product_cat?post=9467"},{"taxonomy":"product_tag","embeddable":true,"href":"https:\/\/rodanoble.com\/de\/wp-json\/wp\/v2\/product_tag?post=9467"}],"curies":[{"name":"wp","href":"https:\/\/api.w.org\/{rel}","templated":true}]}}