{"id":9475,"date":"2019-02-25T12:13:22","date_gmt":"2019-02-25T11:13:22","guid":{"rendered":"https:\/\/rodanoble.com\/unkategorisiert\/schimmelpilzkaese\/"},"modified":"2019-02-25T12:13:22","modified_gmt":"2019-02-25T11:13:22","slug":"schimmelpilzkaese","status":"publish","type":"product","link":"https:\/\/rodanoble.com\/de\/shop\/kasesorten\/manchego-kase\/schimmelpilzkaese\/","title":{"rendered":"Ger\u00e4ucherter K\u00e4se mit D.O. &#8211; La Desica"},"content":{"rendered":"<p>K\u00e4se mit einer Reifezeit von mindestens 180 Tagen. Ein gereifter K\u00e4se mit der Herkunftsbezeichnung La-Mancha. Hergestellt aus 100% Schafsmilch der Rasse Manchega. Sein Geschmack und Geruch sind angenehm und vollmundig. Begleitet von einem guten Rotwein wird der perfekte Aperitif sein. Ein K\u00e4se mit Charakter und viel Pers\u00f6nlichkeit, der uns bei der Verkostung zeigt, was ein authentischer Manchego-K\u00e4se ist, der bekannteste K\u00e4se der ganzen Welt.<\/p>\n","protected":false},"excerpt":{"rendered":"<p>Hergestellt mit pasteurisierter Manchego-Schafsmilch. K\u00e4se mit Herkunftsbezeichnung gesch\u00fctzter Arten. Durchdringender Geschmack und intensiver Geruch.<\/p>\n","protected":false},"featured_media":9477,"comment_status":"open","ping_status":"closed","template":"","meta":{"ocean_post_layout":"","ocean_both_sidebars_style":"","ocean_both_sidebars_content_width":0,"ocean_both_sidebars_sidebars_width":0,"ocean_sidebar":"0","ocean_second_sidebar":"0","ocean_disable_margins":"enable","ocean_add_body_class":"","ocean_shortcode_before_top_bar":"","ocean_shortcode_after_top_bar":"","ocean_shortcode_before_header":"","ocean_shortcode_after_header":"","ocean_has_shortcode":"","ocean_shortcode_after_title":"","ocean_shortcode_before_footer_widgets":"","ocean_shortcode_after_footer_widgets":"","ocean_shortcode_before_footer_bottom":"","ocean_shortcode_after_footer_bottom":"","ocean_display_top_bar":"default","ocean_display_header":"default","ocean_header_style":"","ocean_center_header_left_menu":"0","ocean_custom_header_template":"0","ocean_custom_logo":0,"ocean_custom_retina_logo":0,"ocean_custom_logo_max_width":0,"ocean_custom_logo_tablet_max_width":0,"ocean_custom_logo_mobile_max_width":0,"ocean_custom_logo_max_height":0,"ocean_custom_logo_tablet_max_height":0,"ocean_custom_logo_mobile_max_height":0,"ocean_header_custom_menu":"0","ocean_menu_typo_font_family":"0","ocean_menu_typo_font_subset":"","ocean_menu_typo_font_size":0,"ocean_menu_typo_font_size_tablet":0,"ocean_menu_typo_font_size_mobile":0,"ocean_menu_typo_font_size_unit":"px","ocean_menu_typo_font_weight":"","ocean_menu_typo_font_weight_tablet":"","ocean_menu_typo_font_weight_mobile":"","ocean_menu_typo_transform":"","ocean_menu_typo_transform_tablet":"","ocean_menu_typo_transform_mobile":"","ocean_menu_typo_line_height":0,"ocean_menu_typo_line_height_tablet":0,"ocean_menu_typo_line_height_mobile":0,"ocean_menu_typo_line_height_unit":"","ocean_menu_typo_spacing":0,"ocean_menu_typo_spacing_tablet":0,"ocean_menu_typo_spacing_mobile":0,"ocean_menu_typo_spacing_unit":"","ocean_menu_link_color":"","ocean_menu_link_color_hover":"","ocean_menu_link_color_active":"","ocean_menu_link_background":"","ocean_menu_link_hover_background":"","ocean_menu_link_active_background":"","ocean_menu_social_links_bg":"","ocean_menu_social_hover_links_bg":"","ocean_menu_social_links_color":"","ocean_menu_social_hover_links_color":"","ocean_disable_title":"default","ocean_disable_heading":"default","ocean_post_title":"","ocean_post_subheading":"","ocean_post_title_style":"","ocean_post_title_background_color":"","ocean_post_title_background":0,"ocean_post_title_bg_image_position":"","ocean_post_title_bg_image_attachment":"","ocean_post_title_bg_image_repeat":"","ocean_post_title_bg_image_size":"","ocean_post_title_height":0,"ocean_post_title_bg_overlay":0.5,"ocean_post_title_bg_overlay_color":"","ocean_disable_breadcrumbs":"default","ocean_breadcrumbs_color":"","ocean_breadcrumbs_separator_color":"","ocean_breadcrumbs_links_color":"","ocean_breadcrumbs_links_hover_color":"","ocean_display_footer_widgets":"default","ocean_display_footer_bottom":"default","ocean_custom_footer_template":"0"},"product_brand":[],"product_cat":[94,104],"product_tag":[],"class_list":{"0":"post-9475","1":"product","2":"type-product","3":"status-publish","4":"has-post-thumbnail","6":"product_cat-kasesorten","7":"product_cat-manchego-kase","9":"entry","10":"has-media","12":"first","13":"instock","14":"taxable","15":"shipping-taxable","16":"purchasable","17":"product-type-variable","18":"col","19":"span_1_of_3","20":"owp-content-center","21":"owp-thumbs-layout-horizontal","22":"owp-btn-very-big","23":"owp-tabs-layout-vertical","24":"circle-sale"},"_links":{"self":[{"href":"https:\/\/rodanoble.com\/de\/wp-json\/wp\/v2\/product\/9475","targetHints":{"allow":["GET"]}}],"collection":[{"href":"https:\/\/rodanoble.com\/de\/wp-json\/wp\/v2\/product"}],"about":[{"href":"https:\/\/rodanoble.com\/de\/wp-json\/wp\/v2\/types\/product"}],"replies":[{"embeddable":true,"href":"https:\/\/rodanoble.com\/de\/wp-json\/wp\/v2\/comments?post=9475"}],"wp:featuredmedia":[{"embeddable":true,"href":"https:\/\/rodanoble.com\/de\/wp-json\/wp\/v2\/media\/9477"}],"wp:attachment":[{"href":"https:\/\/rodanoble.com\/de\/wp-json\/wp\/v2\/media?parent=9475"}],"wp:term":[{"taxonomy":"product_brand","embeddable":true,"href":"https:\/\/rodanoble.com\/de\/wp-json\/wp\/v2\/product_brand?post=9475"},{"taxonomy":"product_cat","embeddable":true,"href":"https:\/\/rodanoble.com\/de\/wp-json\/wp\/v2\/product_cat?post=9475"},{"taxonomy":"product_tag","embeddable":true,"href":"https:\/\/rodanoble.com\/de\/wp-json\/wp\/v2\/product_tag?post=9475"}],"curies":[{"name":"wp","href":"https:\/\/api.w.org\/{rel}","templated":true}]}}