{"id":9555,"date":"2020-04-16T20:15:11","date_gmt":"2020-04-16T18:15:11","guid":{"rendered":"https:\/\/rodanoble.com\/unkategorisiert\/angebot-ruecklauflamm\/"},"modified":"2020-04-16T20:15:11","modified_gmt":"2020-04-16T18:15:11","slug":"angebot-ruecklauflamm","status":"publish","type":"product","link":"https:\/\/rodanoble.com\/de\/shop\/produkte-aus-la-mancha\/angebot-ruecklauflamm\/","title":{"rendered":"Angebots-Recental Lamm: Ganzer Schlachtk\u00f6rper 114,90\u20ac (Gewicht ca. 10 kg.)"},"content":{"rendered":"<p>In der Carniceria Blincos haben wir das Recental-Lamm von unseren Manchego-Schafen im Angebot:<\/p>\n<p>Ganzer Schlachtk\u00f6rper 114,90\u20ac (Gewicht ca. 10 kg.) Kostenloser Versand! (Gesch\u00e4tzte Lieferzeit 7 Tage)<\/p>\n<p>Aufgezogen und ges\u00e4ugt ausschlie\u00dflich mit der Milch ihrer M\u00fctter.<br \/>\nSehr zartes und saftiges Fleisch, mit einem hohen Eiwei\u00dfgehalt und sehr fettarm.<br \/>\nGesundes und nachhaltiges Fleisch, denn seine Produktion ist mit der Umwelt, die uns umgibt, verbunden, da die Schafe sich von dem reichlich vorhandenen Gras dieser Jahreszeit ern\u00e4hren, erg\u00e4nzt durch K\u00f6rner und Futter von Luzerne, Hafer und Wicke, die in Parzellen in der N\u00e4he unseres Viehs gesammelt werden.<\/p>\n<p>Wir laden Sie ein, diese exquisite Delikatesse zu sehr g\u00fcnstigen Preisen zu probieren. Sie k\u00f6nnen es mit Knoblauch gebraten, gegrillt oder gebraten und sogar im Ofen nach Aranda-Art zubereiten. Denken Sie daran, dass die Koch- oder Schmorzeiten viel k\u00fcrzer sind, da es sich um ein so zartes Fleisch handelt.<\/p>\n","protected":false},"excerpt":{"rendered":"<p>Wir haben das Recental-Lamm von unseren Manchego-Schafen im Angebot:<\/p>\n<p>Aufgezogen und ges\u00e4ugt ausschlie\u00dflich mit der Milch ihrer M\u00fctter.<br \/>\nSehr zartes und saftiges Fleisch mit hohem Proteingehalt und sehr geringem Fettanteil.<br \/>\nGesundes und nachhaltiges Fleisch, denn seine Produktion ist mit der Umwelt verbunden, da die Schafe das reichlich vorhandene Gras dieser Saison fressen, erg\u00e4nzt durch K\u00f6rner und Futter von Luzerne, Hafer und Wicke, die in Parzellen in der N\u00e4he unserer Tiere geerntet werden.<\/p>\n","protected":false},"featured_media":9536,"comment_status":"open","ping_status":"closed","template":"","meta":{"ocean_post_layout":"","ocean_both_sidebars_style":"","ocean_both_sidebars_content_width":0,"ocean_both_sidebars_sidebars_width":0,"ocean_sidebar":"0","ocean_second_sidebar":"0","ocean_disable_margins":"enable","ocean_add_body_class":"","ocean_shortcode_before_top_bar":"","ocean_shortcode_after_top_bar":"","ocean_shortcode_before_header":"","ocean_shortcode_after_header":"","ocean_has_shortcode":"","ocean_shortcode_after_title":"","ocean_shortcode_before_footer_widgets":"","ocean_shortcode_after_footer_widgets":"","ocean_shortcode_before_footer_bottom":"","ocean_shortcode_after_footer_bottom":"","ocean_display_top_bar":"default","ocean_display_header":"default","ocean_header_style":"","ocean_center_header_left_menu":"0","ocean_custom_header_template":"0","ocean_custom_logo":0,"ocean_custom_retina_logo":0,"ocean_custom_logo_max_width":0,"ocean_custom_logo_tablet_max_width":0,"ocean_custom_logo_mobile_max_width":0,"ocean_custom_logo_max_height":0,"ocean_custom_logo_tablet_max_height":0,"ocean_custom_logo_mobile_max_height":0,"ocean_header_custom_menu":"0","ocean_menu_typo_font_family":"0","ocean_menu_typo_font_subset":"","ocean_menu_typo_font_size":0,"ocean_menu_typo_font_size_tablet":0,"ocean_menu_typo_font_size_mobile":0,"ocean_menu_typo_font_size_unit":"px","ocean_menu_typo_font_weight":"","ocean_menu_typo_font_weight_tablet":"","ocean_menu_typo_font_weight_mobile":"","ocean_menu_typo_transform":"","ocean_menu_typo_transform_tablet":"","ocean_menu_typo_transform_mobile":"","ocean_menu_typo_line_height":0,"ocean_menu_typo_line_height_tablet":0,"ocean_menu_typo_line_height_mobile":0,"ocean_menu_typo_line_height_unit":"","ocean_menu_typo_spacing":0,"ocean_menu_typo_spacing_tablet":0,"ocean_menu_typo_spacing_mobile":0,"ocean_menu_typo_spacing_unit":"","ocean_menu_link_color":"","ocean_menu_link_color_hover":"","ocean_menu_link_color_active":"","ocean_menu_link_background":"","ocean_menu_link_hover_background":"","ocean_menu_link_active_background":"","ocean_menu_social_links_bg":"","ocean_menu_social_hover_links_bg":"","ocean_menu_social_links_color":"","ocean_menu_social_hover_links_color":"","ocean_disable_title":"default","ocean_disable_heading":"default","ocean_post_title":"","ocean_post_subheading":"","ocean_post_title_style":"","ocean_post_title_background_color":"","ocean_post_title_background":0,"ocean_post_title_bg_image_position":"","ocean_post_title_bg_image_attachment":"","ocean_post_title_bg_image_repeat":"","ocean_post_title_bg_image_size":"","ocean_post_title_height":0,"ocean_post_title_bg_overlay":0.5,"ocean_post_title_bg_overlay_color":"","ocean_disable_breadcrumbs":"default","ocean_breadcrumbs_color":"","ocean_breadcrumbs_separator_color":"","ocean_breadcrumbs_links_color":"","ocean_breadcrumbs_links_hover_color":"","ocean_display_footer_widgets":"default","ocean_display_footer_bottom":"default","ocean_custom_footer_template":"0"},"product_brand":[],"product_cat":[92,88],"product_tag":[],"class_list":{"0":"post-9555","1":"product","2":"type-product","3":"status-publish","4":"has-post-thumbnail","6":"product_cat-produkte-aus-la-mancha","7":"product_cat-manchego-lamm","9":"entry","10":"has-media","12":"first","13":"instock","14":"taxable","15":"shipping-taxable","16":"purchasable","17":"product-type-simple","18":"col","19":"span_1_of_3","20":"owp-content-center","21":"owp-thumbs-layout-horizontal","22":"owp-btn-very-big","23":"owp-tabs-layout-vertical","24":"circle-sale"},"_links":{"self":[{"href":"https:\/\/rodanoble.com\/de\/wp-json\/wp\/v2\/product\/9555","targetHints":{"allow":["GET"]}}],"collection":[{"href":"https:\/\/rodanoble.com\/de\/wp-json\/wp\/v2\/product"}],"about":[{"href":"https:\/\/rodanoble.com\/de\/wp-json\/wp\/v2\/types\/product"}],"replies":[{"embeddable":true,"href":"https:\/\/rodanoble.com\/de\/wp-json\/wp\/v2\/comments?post=9555"}],"wp:featuredmedia":[{"embeddable":true,"href":"https:\/\/rodanoble.com\/de\/wp-json\/wp\/v2\/media\/9536"}],"wp:attachment":[{"href":"https:\/\/rodanoble.com\/de\/wp-json\/wp\/v2\/media?parent=9555"}],"wp:term":[{"taxonomy":"product_brand","embeddable":true,"href":"https:\/\/rodanoble.com\/de\/wp-json\/wp\/v2\/product_brand?post=9555"},{"taxonomy":"product_cat","embeddable":true,"href":"https:\/\/rodanoble.com\/de\/wp-json\/wp\/v2\/product_cat?post=9555"},{"taxonomy":"product_tag","embeddable":true,"href":"https:\/\/rodanoble.com\/de\/wp-json\/wp\/v2\/product_tag?post=9555"}],"curies":[{"name":"wp","href":"https:\/\/api.w.org\/{rel}","templated":true}]}}