{"id":9459,"date":"2019-02-25T12:17:10","date_gmt":"2019-02-25T11:17:10","guid":{"rendered":"https:\/\/rodanoble.com\/non class\u00e9\/chateau-robda\/"},"modified":"2019-02-25T12:17:10","modified_gmt":"2019-02-25T11:17:10","slug":"chateau-robda","status":"publish","type":"product","link":"https:\/\/rodanoble.com\/fr\/shop\/fromages\/fromages-manchego\/chateau-robda\/","title":{"rendered":"Fromage artisanal affin\u00e9 avec D.O. &#8211; Castillo de Robda"},"content":{"rendered":"<p>L&rsquo;\u00e9glise du Salvador, \u00e0 La Roda, est situ\u00e9e sur ce que l&rsquo;on appelle la \u00ab\u00a0loma del castillejo\u00a0\u00bb (colline du ch\u00e2teau), o\u00f9 se trouvait l&rsquo;ancien ch\u00e2teau de Robda, qui fut d\u00e9truit sur ordre d&rsquo;Isabelle la Catholique.<\/p>\n<p>Le Castillo de Robda est un fromage artisanal qui rend hommage aux premiers colons de notre ville. Un go\u00fbt avec du caract\u00e8re et qui ne laisse pas notre palais indiff\u00e9rent, nous rappelant le fromage que nos anc\u00eatres \u00e9laboraient. C&rsquo;est une machine \u00e0 remonter le temps qui nous ram\u00e8ne aux saveurs que nos anc\u00eatres appr\u00e9ciaient autrefois et dont l&rsquo;h\u00e9ritage a fait du fromage Manchego un produit universel.<\/p>\n<p>Prenez un morceau de fromage, mettez-le dans votre bouche et vous d\u00e9couvrirez le plaisir de la tradition.<\/p>\n","protected":false},"excerpt":{"rendered":"<p>Fromage \u00e0 appellation d&rsquo;origine, p\u00e9riode d&rsquo;affinage minimale de 6 mois, fabriqu\u00e9 avec du lait de brebis cru \u00e0 100% de la race Manchego.<\/p>\n","protected":false},"featured_media":9461,"comment_status":"open","ping_status":"closed","template":"","meta":{"ocean_post_layout":"","ocean_both_sidebars_style":"","ocean_both_sidebars_content_width":0,"ocean_both_sidebars_sidebars_width":0,"ocean_sidebar":"0","ocean_second_sidebar":"0","ocean_disable_margins":"enable","ocean_add_body_class":"","ocean_shortcode_before_top_bar":"","ocean_shortcode_after_top_bar":"","ocean_shortcode_before_header":"","ocean_shortcode_after_header":"","ocean_has_shortcode":"","ocean_shortcode_after_title":"","ocean_shortcode_before_footer_widgets":"","ocean_shortcode_after_footer_widgets":"","ocean_shortcode_before_footer_bottom":"","ocean_shortcode_after_footer_bottom":"","ocean_display_top_bar":"default","ocean_display_header":"default","ocean_header_style":"","ocean_center_header_left_menu":"0","ocean_custom_header_template":"0","ocean_custom_logo":0,"ocean_custom_retina_logo":0,"ocean_custom_logo_max_width":0,"ocean_custom_logo_tablet_max_width":0,"ocean_custom_logo_mobile_max_width":0,"ocean_custom_logo_max_height":0,"ocean_custom_logo_tablet_max_height":0,"ocean_custom_logo_mobile_max_height":0,"ocean_header_custom_menu":"0","ocean_menu_typo_font_family":"0","ocean_menu_typo_font_subset":"","ocean_menu_typo_font_size":0,"ocean_menu_typo_font_size_tablet":0,"ocean_menu_typo_font_size_mobile":0,"ocean_menu_typo_font_size_unit":"px","ocean_menu_typo_font_weight":"","ocean_menu_typo_font_weight_tablet":"","ocean_menu_typo_font_weight_mobile":"","ocean_menu_typo_transform":"","ocean_menu_typo_transform_tablet":"","ocean_menu_typo_transform_mobile":"","ocean_menu_typo_line_height":0,"ocean_menu_typo_line_height_tablet":0,"ocean_menu_typo_line_height_mobile":0,"ocean_menu_typo_line_height_unit":"","ocean_menu_typo_spacing":0,"ocean_menu_typo_spacing_tablet":0,"ocean_menu_typo_spacing_mobile":0,"ocean_menu_typo_spacing_unit":"","ocean_menu_link_color":"","ocean_menu_link_color_hover":"","ocean_menu_link_color_active":"","ocean_menu_link_background":"","ocean_menu_link_hover_background":"","ocean_menu_link_active_background":"","ocean_menu_social_links_bg":"","ocean_menu_social_hover_links_bg":"","ocean_menu_social_links_color":"","ocean_menu_social_hover_links_color":"","ocean_disable_title":"default","ocean_disable_heading":"default","ocean_post_title":"","ocean_post_subheading":"","ocean_post_title_style":"","ocean_post_title_background_color":"","ocean_post_title_background":0,"ocean_post_title_bg_image_position":"","ocean_post_title_bg_image_attachment":"","ocean_post_title_bg_image_repeat":"","ocean_post_title_bg_image_size":"","ocean_post_title_height":0,"ocean_post_title_bg_overlay":0.5,"ocean_post_title_bg_overlay_color":"","ocean_disable_breadcrumbs":"default","ocean_breadcrumbs_color":"","ocean_breadcrumbs_separator_color":"","ocean_breadcrumbs_links_color":"","ocean_breadcrumbs_links_hover_color":"","ocean_display_footer_widgets":"default","ocean_display_footer_bottom":"default","ocean_custom_footer_template":"0"},"product_brand":[],"product_cat":[85,103],"product_tag":[],"class_list":{"0":"post-9459","1":"product","2":"type-product","3":"status-publish","4":"has-post-thumbnail","6":"product_cat-fromages","7":"product_cat-fromages-manchego","9":"entry","10":"has-media","12":"first","13":"instock","14":"taxable","15":"shipping-taxable","16":"purchasable","17":"product-type-variable","18":"col","19":"span_1_of_3","20":"owp-content-center","21":"owp-thumbs-layout-horizontal","22":"owp-btn-very-big","23":"owp-tabs-layout-vertical","24":"circle-sale"},"_links":{"self":[{"href":"https:\/\/rodanoble.com\/fr\/wp-json\/wp\/v2\/product\/9459","targetHints":{"allow":["GET"]}}],"collection":[{"href":"https:\/\/rodanoble.com\/fr\/wp-json\/wp\/v2\/product"}],"about":[{"href":"https:\/\/rodanoble.com\/fr\/wp-json\/wp\/v2\/types\/product"}],"replies":[{"embeddable":true,"href":"https:\/\/rodanoble.com\/fr\/wp-json\/wp\/v2\/comments?post=9459"}],"wp:featuredmedia":[{"embeddable":true,"href":"https:\/\/rodanoble.com\/fr\/wp-json\/wp\/v2\/media\/9461"}],"wp:attachment":[{"href":"https:\/\/rodanoble.com\/fr\/wp-json\/wp\/v2\/media?parent=9459"}],"wp:term":[{"taxonomy":"product_brand","embeddable":true,"href":"https:\/\/rodanoble.com\/fr\/wp-json\/wp\/v2\/product_brand?post=9459"},{"taxonomy":"product_cat","embeddable":true,"href":"https:\/\/rodanoble.com\/fr\/wp-json\/wp\/v2\/product_cat?post=9459"},{"taxonomy":"product_tag","embeddable":true,"href":"https:\/\/rodanoble.com\/fr\/wp-json\/wp\/v2\/product_tag?post=9459"}],"curies":[{"name":"wp","href":"https:\/\/api.w.org\/{rel}","templated":true}]}}