{"id":9505,"date":"2019-03-01T08:49:38","date_gmt":"2019-03-01T07:49:38","guid":{"rendered":"https:\/\/rodanoble.com\/non%20class\u00e9\/fromage-a-la-truffe-noire-affine-rodanoble\/"},"modified":"2021-06-14T09:49:16","modified_gmt":"2021-06-14T07:49:16","slug":"truffe","status":"publish","type":"product","link":"https:\/\/rodanoble.com\/fr\/shop\/fromages\/truffe\/","title":{"rendered":"Fromage \u00e0 la truffe noire, affin\u00e9 &#8211; Rodanoble"},"content":{"rendered":"<p>Fromage \u00e0 la truffe noire fabriqu\u00e9 \u00e0 partir de lait de brebis.<\/p>\n<p>Sa saveur truff\u00e9e vous offrira une exp\u00e9rience diff\u00e9rente des autres. Un m\u00e9lange de la tradition de La Mancha et de la saveur exotique et aromatique de la truffe. La combinaison qu&rsquo;ils cr\u00e9ent vous surprendra car ils se marient parfaitement.<\/p>\n<p>Nous utilisons la truffe noire pour son \u00e9laboration. Le fromage est affin\u00e9 pendant au moins 6 mois et poss\u00e8de toute la saveur traditionnelle des fromages affin\u00e9s que nous fabriquons dans notre r\u00e9gion. Le m\u00e9lange, ne laissera personne indiff\u00e9rent et vous aurez s\u00fbrement envie de recommencer.<\/p>\n","protected":false},"excerpt":{"rendered":"<p>Fromage sec de La Mancha \u00e0 la truffe noire. Une exp\u00e9rience diff\u00e9rente pour le palais. Fabriqu\u00e9 avec du lait de brebis 100% de La Mancha.<\/p>\n","protected":false},"featured_media":11265,"comment_status":"open","ping_status":"closed","template":"","meta":{"ocean_post_layout":"","ocean_both_sidebars_style":"","ocean_both_sidebars_content_width":0,"ocean_both_sidebars_sidebars_width":0,"ocean_sidebar":"0","ocean_second_sidebar":"0","ocean_disable_margins":"enable","ocean_add_body_class":"","ocean_shortcode_before_top_bar":"","ocean_shortcode_after_top_bar":"","ocean_shortcode_before_header":"","ocean_shortcode_after_header":"","ocean_has_shortcode":"","ocean_shortcode_after_title":"","ocean_shortcode_before_footer_widgets":"","ocean_shortcode_after_footer_widgets":"","ocean_shortcode_before_footer_bottom":"","ocean_shortcode_after_footer_bottom":"","ocean_display_top_bar":"default","ocean_display_header":"default","ocean_header_style":"","ocean_center_header_left_menu":"0","ocean_custom_header_template":"0","ocean_custom_logo":0,"ocean_custom_retina_logo":0,"ocean_custom_logo_max_width":0,"ocean_custom_logo_tablet_max_width":0,"ocean_custom_logo_mobile_max_width":0,"ocean_custom_logo_max_height":0,"ocean_custom_logo_tablet_max_height":0,"ocean_custom_logo_mobile_max_height":0,"ocean_header_custom_menu":"0","ocean_menu_typo_font_family":"0","ocean_menu_typo_font_subset":"","ocean_menu_typo_font_size":0,"ocean_menu_typo_font_size_tablet":0,"ocean_menu_typo_font_size_mobile":0,"ocean_menu_typo_font_size_unit":"px","ocean_menu_typo_font_weight":"","ocean_menu_typo_font_weight_tablet":"","ocean_menu_typo_font_weight_mobile":"","ocean_menu_typo_transform":"","ocean_menu_typo_transform_tablet":"","ocean_menu_typo_transform_mobile":"","ocean_menu_typo_line_height":0,"ocean_menu_typo_line_height_tablet":0,"ocean_menu_typo_line_height_mobile":0,"ocean_menu_typo_line_height_unit":"","ocean_menu_typo_spacing":0,"ocean_menu_typo_spacing_tablet":0,"ocean_menu_typo_spacing_mobile":0,"ocean_menu_typo_spacing_unit":"","ocean_menu_link_color":"","ocean_menu_link_color_hover":"","ocean_menu_link_color_active":"","ocean_menu_link_background":"","ocean_menu_link_hover_background":"","ocean_menu_link_active_background":"","ocean_menu_social_links_bg":"","ocean_menu_social_hover_links_bg":"","ocean_menu_social_links_color":"","ocean_menu_social_hover_links_color":"","ocean_disable_title":"default","ocean_disable_heading":"default","ocean_post_title":"","ocean_post_subheading":"","ocean_post_title_style":"","ocean_post_title_background_color":"","ocean_post_title_background":0,"ocean_post_title_bg_image_position":"","ocean_post_title_bg_image_attachment":"","ocean_post_title_bg_image_repeat":"","ocean_post_title_bg_image_size":"","ocean_post_title_height":0,"ocean_post_title_bg_overlay":0.5,"ocean_post_title_bg_overlay_color":"","ocean_disable_breadcrumbs":"default","ocean_breadcrumbs_color":"","ocean_breadcrumbs_separator_color":"","ocean_breadcrumbs_links_color":"","ocean_breadcrumbs_links_hover_color":"","ocean_display_footer_widgets":"default","ocean_display_footer_bottom":"default","ocean_custom_footer_template":"0"},"product_brand":[],"product_cat":[85,106],"product_tag":[],"class_list":{"0":"post-9505","1":"product","2":"type-product","3":"status-publish","4":"has-post-thumbnail","6":"product_cat-fromages","7":"product_cat-saveurs-des-fromages-despagne","9":"entry","10":"has-media","12":"first","13":"instock","14":"taxable","15":"shipping-taxable","16":"purchasable","17":"product-type-variable","18":"col","19":"span_1_of_3","20":"owp-content-center","21":"owp-thumbs-layout-horizontal","22":"owp-btn-very-big","23":"owp-tabs-layout-vertical","24":"has-no-thumbnails","25":"circle-sale"},"_links":{"self":[{"href":"https:\/\/rodanoble.com\/fr\/wp-json\/wp\/v2\/product\/9505","targetHints":{"allow":["GET"]}}],"collection":[{"href":"https:\/\/rodanoble.com\/fr\/wp-json\/wp\/v2\/product"}],"about":[{"href":"https:\/\/rodanoble.com\/fr\/wp-json\/wp\/v2\/types\/product"}],"replies":[{"embeddable":true,"href":"https:\/\/rodanoble.com\/fr\/wp-json\/wp\/v2\/comments?post=9505"}],"wp:featuredmedia":[{"embeddable":true,"href":"https:\/\/rodanoble.com\/fr\/wp-json\/wp\/v2\/media\/11265"}],"wp:attachment":[{"href":"https:\/\/rodanoble.com\/fr\/wp-json\/wp\/v2\/media?parent=9505"}],"wp:term":[{"taxonomy":"product_brand","embeddable":true,"href":"https:\/\/rodanoble.com\/fr\/wp-json\/wp\/v2\/product_brand?post=9505"},{"taxonomy":"product_cat","embeddable":true,"href":"https:\/\/rodanoble.com\/fr\/wp-json\/wp\/v2\/product_cat?post=9505"},{"taxonomy":"product_tag","embeddable":true,"href":"https:\/\/rodanoble.com\/fr\/wp-json\/wp\/v2\/product_tag?post=9505"}],"curies":[{"name":"wp","href":"https:\/\/api.w.org\/{rel}","templated":true}]}}