{"id":9554,"date":"2020-04-16T20:15:11","date_gmt":"2020-04-16T18:15:11","guid":{"rendered":"https:\/\/rodanoble.com\/non class\u00e9\/offre-recental-agneau-carcasse-entiere-114-90e-poids-approx-10-kg\/"},"modified":"2020-04-16T20:15:11","modified_gmt":"2020-04-16T18:15:11","slug":"offre-recental-agneau-carcasse-entiere-114-90e-poids-approx-10-kg","status":"publish","type":"product","link":"https:\/\/rodanoble.com\/fr\/shop\/produits-de-la-mancha\/offre-recental-agneau-carcasse-entiere-114-90e-poids-approx-10-kg\/","title":{"rendered":"Offre-Recental Agneau : Carcasse enti\u00e8re 114.90\u20ac (poids approx. 10 kg.)"},"content":{"rendered":"<p>\u00c0 la Carniceria Blincos, nous proposons l&rsquo;agneau recental de nos moutons Manchego :<\/p>\n<p>Carcasse enti\u00e8re 114.90\u20ac (poids approx. 10 kg.) Livraison gratuite ! (D\u00e9lai de livraison estim\u00e9 \u00e0 7 jours)<\/p>\n<p>\u00c9lev\u00e9s et allait\u00e9s exclusivement avec le lait de leur m\u00e8re.<br \/>\nViande tr\u00e8s tendre et juteuse, \u00e0 haute teneur en prot\u00e9ines et tr\u00e8s faible en graisses.<br \/>\nUne viande saine et durable, car sa production est li\u00e9e \u00e0 l&rsquo;environnement qui nous entoure, puisque les moutons se nourrissent de l&rsquo;herbe abondante de cette saison, compl\u00e9t\u00e9e par des c\u00e9r\u00e9ales et des fourrages de luzerne, d&rsquo;avoine et de vesce r\u00e9colt\u00e9s dans des parcelles proches de notre \u00e9levage.<\/p>\n<p>Nous vous invitons \u00e0 go\u00fbter cette d\u00e9licatesse exquise \u00e0 des prix tr\u00e8s avantageux. Vous pouvez le cuisiner frit avec de l&rsquo;ail, grill\u00e9 et m\u00eame au four \u00e0 la mani\u00e8re d&rsquo;Aranda. N&rsquo;oubliez pas que, comme il s&rsquo;agit d&rsquo;une viande tr\u00e8s tendre, le temps de cuisson ou de rago\u00fbt est beaucoup plus court.<\/p>\n","protected":false},"excerpt":{"rendered":"<p>Nous vous proposons l&rsquo;agneau recental de nos moutons Manchego :<\/p>\n<p>\u00c9lev\u00e9s et allait\u00e9s exclusivement avec le lait de leur m\u00e8re.<br \/>\nViande tr\u00e8s tendre et juteuse, \u00e0 haute teneur en prot\u00e9ines et tr\u00e8s faible en graisses.<br \/>\nUne viande saine et durable, car sa production est li\u00e9e \u00e0 l&rsquo;environnement, puisque les moutons se nourrissent de l&rsquo;herbe abondante de cette saison compl\u00e9t\u00e9e par des grains et des fourrages de luzerne, d&rsquo;avoine et de vesce r\u00e9colt\u00e9s dans des parcelles proches de notre \u00e9levage.<\/p>\n","protected":false},"featured_media":9548,"comment_status":"open","ping_status":"closed","template":"","meta":{"ocean_post_layout":"","ocean_both_sidebars_style":"","ocean_both_sidebars_content_width":0,"ocean_both_sidebars_sidebars_width":0,"ocean_sidebar":"0","ocean_second_sidebar":"0","ocean_disable_margins":"enable","ocean_add_body_class":"","ocean_shortcode_before_top_bar":"","ocean_shortcode_after_top_bar":"","ocean_shortcode_before_header":"","ocean_shortcode_after_header":"","ocean_has_shortcode":"","ocean_shortcode_after_title":"","ocean_shortcode_before_footer_widgets":"","ocean_shortcode_after_footer_widgets":"","ocean_shortcode_before_footer_bottom":"","ocean_shortcode_after_footer_bottom":"","ocean_display_top_bar":"default","ocean_display_header":"default","ocean_header_style":"","ocean_center_header_left_menu":"0","ocean_custom_header_template":"0","ocean_custom_logo":0,"ocean_custom_retina_logo":0,"ocean_custom_logo_max_width":0,"ocean_custom_logo_tablet_max_width":0,"ocean_custom_logo_mobile_max_width":0,"ocean_custom_logo_max_height":0,"ocean_custom_logo_tablet_max_height":0,"ocean_custom_logo_mobile_max_height":0,"ocean_header_custom_menu":"0","ocean_menu_typo_font_family":"0","ocean_menu_typo_font_subset":"","ocean_menu_typo_font_size":0,"ocean_menu_typo_font_size_tablet":0,"ocean_menu_typo_font_size_mobile":0,"ocean_menu_typo_font_size_unit":"px","ocean_menu_typo_font_weight":"","ocean_menu_typo_font_weight_tablet":"","ocean_menu_typo_font_weight_mobile":"","ocean_menu_typo_transform":"","ocean_menu_typo_transform_tablet":"","ocean_menu_typo_transform_mobile":"","ocean_menu_typo_line_height":0,"ocean_menu_typo_line_height_tablet":0,"ocean_menu_typo_line_height_mobile":0,"ocean_menu_typo_line_height_unit":"","ocean_menu_typo_spacing":0,"ocean_menu_typo_spacing_tablet":0,"ocean_menu_typo_spacing_mobile":0,"ocean_menu_typo_spacing_unit":"","ocean_menu_link_color":"","ocean_menu_link_color_hover":"","ocean_menu_link_color_active":"","ocean_menu_link_background":"","ocean_menu_link_hover_background":"","ocean_menu_link_active_background":"","ocean_menu_social_links_bg":"","ocean_menu_social_hover_links_bg":"","ocean_menu_social_links_color":"","ocean_menu_social_hover_links_color":"","ocean_disable_title":"default","ocean_disable_heading":"default","ocean_post_title":"","ocean_post_subheading":"","ocean_post_title_style":"","ocean_post_title_background_color":"","ocean_post_title_background":0,"ocean_post_title_bg_image_position":"","ocean_post_title_bg_image_attachment":"","ocean_post_title_bg_image_repeat":"","ocean_post_title_bg_image_size":"","ocean_post_title_height":0,"ocean_post_title_bg_overlay":0.5,"ocean_post_title_bg_overlay_color":"","ocean_disable_breadcrumbs":"default","ocean_breadcrumbs_color":"","ocean_breadcrumbs_separator_color":"","ocean_breadcrumbs_links_color":"","ocean_breadcrumbs_links_hover_color":"","ocean_display_footer_widgets":"default","ocean_display_footer_bottom":"default","ocean_custom_footer_template":"0"},"product_brand":[],"product_cat":[83,79],"product_tag":[],"class_list":{"0":"post-9554","1":"product","2":"type-product","3":"status-publish","4":"has-post-thumbnail","6":"product_cat-produits-de-la-mancha","7":"product_cat-agneau-manchego","9":"entry","10":"has-media","12":"first","13":"instock","14":"taxable","15":"shipping-taxable","16":"purchasable","17":"product-type-simple","18":"col","19":"span_1_of_3","20":"owp-content-center","21":"owp-thumbs-layout-horizontal","22":"owp-btn-very-big","23":"owp-tabs-layout-vertical","24":"circle-sale"},"_links":{"self":[{"href":"https:\/\/rodanoble.com\/fr\/wp-json\/wp\/v2\/product\/9554","targetHints":{"allow":["GET"]}}],"collection":[{"href":"https:\/\/rodanoble.com\/fr\/wp-json\/wp\/v2\/product"}],"about":[{"href":"https:\/\/rodanoble.com\/fr\/wp-json\/wp\/v2\/types\/product"}],"replies":[{"embeddable":true,"href":"https:\/\/rodanoble.com\/fr\/wp-json\/wp\/v2\/comments?post=9554"}],"wp:featuredmedia":[{"embeddable":true,"href":"https:\/\/rodanoble.com\/fr\/wp-json\/wp\/v2\/media\/9548"}],"wp:attachment":[{"href":"https:\/\/rodanoble.com\/fr\/wp-json\/wp\/v2\/media?parent=9554"}],"wp:term":[{"taxonomy":"product_brand","embeddable":true,"href":"https:\/\/rodanoble.com\/fr\/wp-json\/wp\/v2\/product_brand?post=9554"},{"taxonomy":"product_cat","embeddable":true,"href":"https:\/\/rodanoble.com\/fr\/wp-json\/wp\/v2\/product_cat?post=9554"},{"taxonomy":"product_tag","embeddable":true,"href":"https:\/\/rodanoble.com\/fr\/wp-json\/wp\/v2\/product_tag?post=9554"}],"curies":[{"name":"wp","href":"https:\/\/api.w.org\/{rel}","templated":true}]}}